{"id":643,"date":"2017-01-02T08:28:52","date_gmt":"2017-01-02T08:28:52","guid":{"rendered":"https:\/\/demo.themegrill.com\/flash-default-2\/?page_id=5"},"modified":"2026-02-05T16:22:07","modified_gmt":"2026-02-05T15:22:07","slug":"home","status":"publish","type":"page","link":"https:\/\/www.hoopers.jogini.com\/sl\/","title":{"rendered":"Domov"},"content":{"rendered":"<div id=\"pl-643\"  class=\"panel-layout\" ><div id=\"pg-643-0\"  class=\"panel-grid panel-has-style\" ><div class=\"siteorigin-panels-stretch panel-row-style panel-row-style-for-643-0\" data-stretch-type=\"full-width-stretch\" ><div id=\"pgc-643-0-0\"  class=\"panel-grid-cell\" ><div id=\"panel-643-0-0-0\" class=\"so-panel widget widget_themegrill_flash_slider tg-section tg-slider-widget panel-first-child panel-last-child\" data-index=\"0\" ><div class=\"tg-slider-widget slider-dark slider-content-center slider-control-center full-width\">\n\t<div class=\"swiper-container\">\n\t\t<div class=\"swiper-wrapper\">\n\t\t\t\n\t\t\t\t\t<div class=\"swiper-slide\">\n\t\t\t\t\t\t<figure class=\"slider-image\" >\n\t\t\t\t\t\t\t<img width=\"1920\" height=\"700\"\t\t\t\t\t\t\t\t\tsrc=\"http:\/\/www.hoopers.jogini.com\/wp-content\/uploads\/2025\/08\/slider-hooper3-1.jpg\"\n\t\t\t\t\t\t\t\t\talt=\"NEW HOOPERS FOUNDATION ON-LINE CLASS\"\n\t\t\t\t\t\t\t\t\ttitle=\"NEW HOOPERS FOUNDATION ON-LINE CLASS\"\/>\n\t\t\t\t\t\t\t<div class=\"overlay\"><\/div>\n\t\t\t\t\t\t<\/figure>\n\t\t\t\t\t\t<div class=\"slider-content\">\n\t\t\t\t\t\t\t<div class=\"tg-container\">\n\t\t\t\t\t\t\t\t<div class=\"caption-title\">NEW HOOPERS FOUNDATION ON-LINE CLASS<\/div>\n\t\t\t\t\t\t\t\t<div class=\"caption-desc\">WE ARE STARTING IN 16th OF MARCH<\/div>\n\t\t\t\t\t\t\t\t\t\t\t\t\t\t\t\t\t<div class=\"btn-wrapper\">\n\t\t\t\t\t\t\t\t\t\t<a href=\"http:\/\/www.hoopers.jogini.com\/sl\/shop\/\">Prijavi se<\/a>\n\t\t\t\t\t\t\t\t\t<\/div>\n\t\t\t\t\t\t\t\t\t\t\t\t\t\t\t<\/div>\n\t\t\t\t\t\t<\/div>\n\t\t\t\t\t<\/div>\n\n\t\t\t\t\n\t\t\t\t\t<div class=\"swiper-slide\">\n\t\t\t\t\t\t<figure class=\"slider-image\" >\n\t\t\t\t\t\t\t<img width=\"1920\" height=\"700\"\t\t\t\t\t\t\t\t\tsrc=\"http:\/\/www.hoopers.jogini.com\/wp-content\/uploads\/2025\/08\/slider-hooper2.jpg\"\n\t\t\t\t\t\t\t\t\talt=\"Private lessons\"\n\t\t\t\t\t\t\t\t\ttitle=\"Treningi\"\/>\n\t\t\t\t\t\t\t<div class=\"overlay\"><\/div>\n\t\t\t\t\t\t<\/figure>\n\t\t\t\t\t\t<div class=\"slider-content\">\n\t\t\t\t\t\t\t<div class=\"tg-container\">\n\t\t\t\t\t\t\t\t<div class=\"caption-title\">Treningi<\/div>\n\t\t\t\t\t\t\t\t<div class=\"caption-desc\"><\/div>\n\t\t\t\t\t\t\t\t\t\t\t\t\t\t\t\t\t<div class=\"btn-wrapper\">\n\t\t\t\t\t\t\t\t\t\t<a href=\"https:\/\/www.hoopers.jogini.com\/sl\/private-lessons\/\">Ve\u010d<\/a>\n\t\t\t\t\t\t\t\t\t<\/div>\n\t\t\t\t\t\t\t\t\t\t\t\t\t\t\t<\/div>\n\t\t\t\t\t\t<\/div>\n\t\t\t\t\t<\/div>\n\n\t\t\t\t\n\t\t\t\t\t<div class=\"swiper-slide\">\n\t\t\t\t\t\t<figure class=\"slider-image\" >\n\t\t\t\t\t\t\t<img width=\"1920\" height=\"700\"\t\t\t\t\t\t\t\t\tsrc=\"http:\/\/www.hoopers.jogini.com\/wp-content\/uploads\/2025\/08\/slider-hooper4-1.jpg\"\n\t\t\t\t\t\t\t\t\talt=\"Workshops\"\n\t\t\t\t\t\t\t\t\ttitle=\"Seminarji\"\/>\n\t\t\t\t\t\t\t<div class=\"overlay\"><\/div>\n\t\t\t\t\t\t<\/figure>\n\t\t\t\t\t\t<div class=\"slider-content\">\n\t\t\t\t\t\t\t<div class=\"tg-container\">\n\t\t\t\t\t\t\t\t<div class=\"caption-title\">Seminarji<\/div>\n\t\t\t\t\t\t\t\t<div class=\"caption-desc\"><\/div>\n\t\t\t\t\t\t\t\t\t\t\t\t\t\t\t\t\t<div class=\"btn-wrapper\">\n\t\t\t\t\t\t\t\t\t\t<a href=\"https:\/\/www.hoopers.jogini.com\/sl\/workshops\/\">Ve\u010d<\/a>\n\t\t\t\t\t\t\t\t\t<\/div>\n\t\t\t\t\t\t\t\t\t\t\t\t\t\t\t<\/div>\n\t\t\t\t\t\t<\/div>\n\t\t\t\t\t<\/div>\n\n\t\t\t\t\n\t\t\t\t\t<div class=\"swiper-slide\">\n\t\t\t\t\t\t<figure class=\"slider-image\" >\n\t\t\t\t\t\t\t<img width=\"1920\" height=\"700\"\t\t\t\t\t\t\t\t\tsrc=\"http:\/\/www.hoopers.jogini.com\/wp-content\/uploads\/2025\/08\/slider-hooper3-1.jpg\"\n\t\t\t\t\t\t\t\t\talt=\"Contact us\"\n\t\t\t\t\t\t\t\t\ttitle=\"Kontakt\"\/>\n\t\t\t\t\t\t\t<div class=\"overlay\"><\/div>\n\t\t\t\t\t\t<\/figure>\n\t\t\t\t\t\t<div class=\"slider-content\">\n\t\t\t\t\t\t\t<div class=\"tg-container\">\n\t\t\t\t\t\t\t\t<div class=\"caption-title\">Kontakt<\/div>\n\t\t\t\t\t\t\t\t<div class=\"caption-desc\"><\/div>\n\t\t\t\t\t\t\t\t\t\t\t\t\t\t\t\t\t<div class=\"btn-wrapper\">\n\t\t\t\t\t\t\t\t\t\t<a href=\"https:\/\/www.hoopers.jogini.com\/sl\/contact\/\">Kontakt<\/a>\n\t\t\t\t\t\t\t\t\t<\/div>\n\t\t\t\t\t\t\t\t\t\t\t\t\t\t\t<\/div>\n\t\t\t\t\t\t<\/div>\n\t\t\t\t\t<\/div>\n\n\t\t\t\t\t\t<\/div>\n\t\t<div class=\"swiper-pagination\"><\/div>\n\t\t<div class=\"slider-arrow\">\n\t\t\t<div class=\"swiper-button-next\"><\/div>\n\t\t\t<div class=\"swiper-button-prev\"><\/div>\n\t\t<\/div>\n\t<\/div>\n<\/div>\n<\/div><\/div><\/div><\/div><div id=\"pg-643-1\"  class=\"panel-grid panel-has-style\" ><div class=\"siteorigin-panels-stretch panel-row-style panel-row-style-for-643-1\" data-stretch-type=\"full\" ><div id=\"pgc-643-1-0\"  class=\"panel-grid-cell\" ><div id=\"panel-643-1-0-0\" class=\"so-panel widget widget_text panel-first-child panel-last-child\" data-index=\"1\" >\t\t\t<div class=\"textwidget\"><div style=\"font-size: 18px; , font-family: helvetica;\"><strong>ZAKAJ TRENIRATI HOOPERSE?<\/strong><\/div>\n<p><\/p>\n<div style=\"font-size: 17px; , font-family: helvetica;\">Ker Hoopersi:<\/div>\n<p><\/p>\n<div style=\"font-size: 17px; , font-family: helvetica;\" class=\"translation-block\">- Krepijo vez med psom in vodnikom.<br>\n- So koristni za psihi\u010dno in fizi\u010dno stimulacijo psa in so primerni za pse vseh pasem, velikosti in starosti (nad 6 mesecev), ki jih lahko trenirajo. <br>\n- Ku\u017eki lahko pri\u010dnejo vaditi hooperse po zaklju\u010denem te\u010daju za mladi\u010de ali ko poznajo osnovna povelja, kot so ostani ali po\u010dakaj. <br>\n- Hoopersi so izjemni, ker predstavljajo kombinacijo med hitrostjo in natan\u010dnostjo ter poslu\u0161nostjo in samostojnim delom.<br>\nKer boste na posnetkih hoopersev sre\u010dali kar nekaj psov iz agilityja, moram omeniti, da je ta te\u010daj koristen za treniranje agilityja, saj se pes nau\u010di gibati neodvisno od polo\u017eaja vodnika. Poleg tega je primeren tudi za upokojene \u00bb\u0161portne\u00ab pse, ki bi radi ostali aktivni.<br>\n\n\n<br>\n<strong>\nPredvsem pa morajo biti zabavni, tako za psa, kot za vodnika!<\/strong><\/div>\n<\/div>\n\t\t<\/div><\/div><\/div><\/div><div id=\"pg-643-2\"  class=\"panel-grid panel-has-style\" ><div class=\"siteorigin-panels-stretch panel-row-style panel-row-style-for-643-2\" data-stretch-type=\"full\" ><div id=\"pgc-643-2-0\"  class=\"panel-grid-cell panel-grid-cell-empty\" ><\/div><\/div><\/div><div id=\"pg-643-3\"  class=\"panel-grid panel-has-style\" ><div class=\"siteorigin-panels-stretch panel-row-style panel-row-style-for-643-3\" data-stretch-type=\"full\" ><div id=\"pgc-643-3-0\"  class=\"panel-grid-cell panel-grid-cell-empty panel-grid-cell-mobile-last\" ><\/div><div id=\"pgc-643-3-1\"  class=\"panel-grid-cell panel-grid-cell-empty\" ><\/div><\/div><\/div><div id=\"pg-643-4\"  class=\"panel-grid panel-has-style\" ><div class=\"panel-row-style panel-row-style-for-643-4\" ><div id=\"pgc-643-4-0\"  class=\"panel-grid-cell panel-grid-cell-empty\" ><\/div><\/div><\/div><\/div>","protected":false},"excerpt":{"rendered":"<p>WHY TO TRAIN HOOPERS? Because, Hoopers: &#8211; strengthen the bond between the dog and the handler &#8211; are beneficial for [&hellip;]<\/p>","protected":false},"author":1,"featured_media":0,"parent":0,"menu_order":0,"comment_status":"closed","ping_status":"closed","template":"page-templates\/pagebuilder.php","meta":{"footnotes":""},"class_list":["post-643","page","type-page","status-publish","hentry"],"_links":{"self":[{"href":"https:\/\/www.hoopers.jogini.com\/sl\/wp-json\/wp\/v2\/pages\/643","targetHints":{"allow":["GET"]}}],"collection":[{"href":"https:\/\/www.hoopers.jogini.com\/sl\/wp-json\/wp\/v2\/pages"}],"about":[{"href":"https:\/\/www.hoopers.jogini.com\/sl\/wp-json\/wp\/v2\/types\/page"}],"author":[{"embeddable":true,"href":"https:\/\/www.hoopers.jogini.com\/sl\/wp-json\/wp\/v2\/users\/1"}],"replies":[{"embeddable":true,"href":"https:\/\/www.hoopers.jogini.com\/sl\/wp-json\/wp\/v2\/comments?post=643"}],"version-history":[{"count":102,"href":"https:\/\/www.hoopers.jogini.com\/sl\/wp-json\/wp\/v2\/pages\/643\/revisions"}],"predecessor-version":[{"id":1245,"href":"https:\/\/www.hoopers.jogini.com\/sl\/wp-json\/wp\/v2\/pages\/643\/revisions\/1245"}],"wp:attachment":[{"href":"https:\/\/www.hoopers.jogini.com\/sl\/wp-json\/wp\/v2\/media?parent=643"}],"curies":[{"name":"wp","href":"https:\/\/api.w.org\/{rel}","templated":true}]}}